{"id":5026,"date":"2023-05-16T16:41:12","date_gmt":"2023-05-16T14:41:12","guid":{"rendered":"https:\/\/risposta24.it\/?page_id=5026"},"modified":"2023-05-16T17:01:32","modified_gmt":"2023-05-16T15:01:32","slug":"cookie-policy","status":"publish","type":"page","link":"https:\/\/risposta24.it\/index.php\/cookie-policy\/","title":{"rendered":"Cookie Policy"},"content":{"rendered":"\n<p><strong>COOKIE POLICY<\/strong><\/p>\n\n\n\n<p>Di seguito si riporta la Cookie policy da utilizzare quale informativa estesa ai sensi degli artt. 13 e 14 del Regolamento (UE) 2016\/679 (di seguito \u201cGDPR\u201d).<\/p>\n\n\n\n<p><strong><em>Cosa sono i Cookie?<\/em><\/strong><strong><\/strong><\/p>\n\n\n\n<p>I Cookie sono pacchetti di informazioni inviate da un web server (es. il Sito) al browser Internet dell\u2019Utente, da quest\u2019ultimo memorizzati automaticamente sul computer e rinviati automaticamente al server ad ogni successivo accesso al sito.<\/p>\n\n\n\n<p>Tipicamente i cookie possono essere installati:<\/p>\n\n\n\n<ul class=\"wp-block-list\">\n<li>Direttamente dal proprietario e\/o responsabile del sito web (c.d. cookie di prima parte)<\/li>\n\n\n\n<li>da responsabili estranei al sito web visitato dall\u2019Utente (c.d. cookie di terza parte). Ove non diversamente specificato, si rammenta che questi cookie ricadono sotto la diretta ed esclusiva responsabilit\u00e0 dello stesso gestore. Ulteriori informazioni sulla privacy e sul loro uso sono reperibili direttamente sui siti dei rispettivi gestori.<\/li>\n<\/ul>\n\n\n\n<p>Questo sito web pu\u00f2 utilizzare, anche in combinazione tra di loro i seguenti tipi di cookie, classificati in base alle indicazioni del Garante Privacy, nonch\u00e9 dei documenti emessi in ambito europeo dal Gruppo di Lavoro Art. 29 e dal Comitato Europeo per la Protezione dei Dati.<\/p>\n\n\n\n<p>Classificazione a seconda della durata di memorizzazione:<\/p>\n\n\n\n<ul class=\"wp-block-list\">\n<li><strong><em><u>Di sessione<\/u><\/em><\/strong> che non vengono memorizzati in modo persistente sul computer dell\u2019Utente e si cancellano con la chiusura del browser, sono strettamente limitati alla trasmissione di identificativi di sessione necessari per consentire l\u2019esplorazione sicura ed efficiente del sito evitando il ricorso ad altre tecniche informatiche potenzialmente pregiudizievoli per la riservatezza della navigazione degli utenti<\/li>\n\n\n\n<li><strong><em><u>Persistenti<\/u><\/em><\/strong> che rimangono memorizzati sul disco rigido del computer fino alla loro scadenza o cancellazione da parte degli utenti\/visitatori. Tramite i cookie persistenti i visitatori che accedono al sito (o eventuali altri utenti che impiegano il medesimo computer) vengono automaticamente riconosciuti ad ogni visita. I visitatori possono impostare il browser del computer in modo tale che accetti\/rifiuti tutti i cookie o visualizzi un avviso ogni qual volta viene proposto un cookie, per poter valutare se accettarlo o meno. L\u2019Utente pu\u00f2, comunque, modificare la configurazione predefinita e disabilitare i cookie (cio\u00e8 bloccarli in via definitiva), impostando il livello di protezione pi\u00f9 elevato.<\/li>\n<\/ul>\n\n\n\n<p>Classificazione a seconda della funzionalit\u00e0:<\/p>\n\n\n\n<ul class=\"wp-block-list\">\n<li><strong><em><u>Tecnici<\/u><\/em><\/strong> sono i cookie utilizzati per autenticarsi, per usufruire di contenuti multimediali tipo flash player o per consentire la scelta della lingua di navigazione. In generale non \u00e8 quindi necessario acquisire il consenso preventivo e informato dell\u2019Utente. Rientrano in questa fattispecie anche i cookie utilizzati per analizzare statisticamente gli accessi\/le visite al sito solo se utilizzati esclusivamente per scopi statistici e tramite la raccolta di informazioni in forma aggregata.<\/li>\n\n\n\n<li><strong><em><u>Non tecnici<\/u><\/em><\/strong> sono tutti i cookie usati per finalit\u00e0 di profilazione e marketing. Il loro utilizzo sui terminali degli utenti \u00e8 vietato se questi non siano stati prima adeguatamente informati e non abbiano prestato al riguardo un valido consenso secondo la tecnica dell\u2019opt-in.<\/li>\n<\/ul>\n\n\n\n<p>Questi ultimi tipi di cookie sono, a loro volta, raggruppabili in base alle funzioni che assolvono in:<\/p>\n\n\n\n<ul class=\"wp-block-list\">\n<li><strong><em><u>Analytics<\/u><\/em><\/strong>. Sono i cookie utilizzati per raccogliere e analizzare informazioni statistiche sugli accessi\/le visite al sito web. In alcuni casi, associati ad altre informazioni quali le credenziali inserite per l\u2019accesso ad aree riservate (il proprio indirizzo di posta elettronica e la password), possono essere utilizzate per profilare l\u2019Utente (abitudini personali, siti visitati, contenuti scaricati, tipi di interazioni effettuate, ecc.).<\/li>\n\n\n\n<li><strong><em><u>Widgets.<\/u><\/em><\/strong> Rientrano in questa categoria tutti quei componenti grafici di una interfaccia utente di un programma, che ha lo scopo di facilitare l\u2019Utente nell\u2019interazione con il programma stesso. A titolo esemplificativo, sono widget i cookie di Facebook, Twitter, Instagram, Google o LinkedIn.<\/li>\n\n\n\n<li><strong><em><u>Advertsing.<\/u><\/em><\/strong> Rientrano in questa categoria i cookie utilizzati per fare pubblicit\u00e0 all\u2019interno di un sito. A titolo esemplificativo, Google e Tradedoubler rientrano in questa categoria.<\/li>\n\n\n\n<li><strong><em><u>Web beacons\/Pixel<\/u><\/em><\/strong>. Rientrano in questa categoria i frammenti di codice che consentono a un sito web di trasferire o raccogliere informazioni attraverso la richiesta di un\u2019immagine grafica. I siti web possono utilizzarli per diversi fini, quali l\u2019analisi dell\u2019uso dei siti web, attivit\u00e0 di controllo e reportistica sulle pubblicit\u00e0 e la personalizzazione di pubblicit\u00e0 e contenuti.<\/li>\n<\/ul>\n\n\n\n<p><strong><em>I cookie presenti sul Sito <\/em><\/strong><em><\/em><\/p>\n\n\n\n<p><em><u>Cookie tecnici per i quali non \u00e8 richiesto il consenso<\/u><\/em><\/p>\n\n\n\n<p>I cookie presenti sul Sito sono tecnici e analitici di prima parte. Si tratta di elementi indispensabili per la navigazione e la corretta visualizzazione del Sito e, nel caso dei cookie analitici, di marcatori che non permettono l\u2019identificazione diretta e univoca dell\u2019Utente.<\/p>\n\n\n\n<p>Per tali cookie non \u00e8 richiesto il consenso dell\u2019Utente e gli stessi sono attivi per impostazione predefinita.<\/p>\n\n\n\n<p><em><u>Cookie non tecnici per i quali \u00e8 richiesto il consenso<\/u><\/em><\/p>\n\n\n\n<p>I cookie non tecnici presenti sul Sito appartengono alle seguenti categorie:<\/p>\n\n\n\n<ol class=\"wp-block-list\">\n<li>Analytics<\/li>\n<\/ol>\n\n\n\n<p>2. Advertsing<\/p>\n\n\n\n<p>3. Widgets<\/p>\n\n\n\n<p><\/p>\n\n\n\n<p><em>Come disabilitare i Cookie<\/em><\/p>\n\n\n\n<p>Per i trattamenti di dati personali che, previo suo consenso, societ\u00e0 terze non note a <em>Business Builders<\/em> potrebbero porre in essere attraverso i cookie, collegandosi a questo link ed avvalendosi del relativo servizio potr\u00e0 personalizzare le sue scelte: <a href=\"https:\/\/www.youronlinechoices.com\/it\/le-tue-scelte\">https:\/\/www.youronlinechoices.com\/it\/le-tue-scelte<\/a>.<\/p>\n\n\n\n<p>Se lo desidera, inoltre, pu\u00f2 gestire direttamente i cookie attraverso le impostazioni del suo browser. Tuttavia, cancellando i cookie dal browser potrebbe rimuovere le preferenze che ha impostato per il Sito di nome societ\u00e0.<\/p>\n\n\n\n<p>In tale evenienza, al successivo accesso al Sito le riapparir\u00e0 il banner.<\/p>\n\n\n\n<p>Per ulteriori informazioni e supporto \u00e8 possibile anche visitare la pagina di aiuto specifica del web browser che si sta utilizzando.<\/p>\n\n\n\n<p>Si riportano di seguito alcuni link:<\/p>\n\n\n\n<ul class=\"wp-block-list\">\n<li><strong>Internet Explorer \/ Microsoft Edge<\/strong>: <strong>&nbsp;<\/strong><a href=\"https:\/\/support.microsoft.com\/it-it\/topic\/eliminare-e-gestire-i-cookie168dab11-0753-043d-7c16-ede5947fc64d\">https:\/\/support.microsoft.com\/it-it\/topic\/eliminare-e-gestire-i-cookie168dab11-0753-043d-7c16-ede5947fc64d<\/a><\/li>\n\n\n\n<li><strong>Google Chrome<\/strong>: <a href=\"https:\/\/support.google.com\/accounts\/answer\/61416?co=GENIE.Platform\">https:\/\/support.google.com\/accounts\/answer\/61416?co=GENIE.Platform %3DDesktop&amp;hl=it Safari https:\/\/support.apple.com\/it-it\/guide\/safari\/sfri11471\/mac<\/a>;<\/li>\n\n\n\n<li><strong>Mozilla Firefox<\/strong>: <a href=\"https:\/\/support.mozilla.org\/it\/kb\/Gestione%20dei%20cookie\">https:\/\/support.mozilla.org\/it\/kb\/Gestione%20dei%20cookie<\/a>;<\/li>\n\n\n\n<li><strong>Opera<\/strong>: <a href=\"https:\/\/blogs.opera.com\/news\/2015\/08\/how-to-manage-cookies-in-opera\">https:\/\/blogs.opera.com\/news\/2015\/08\/how-to-manage-cookies-in-opera<\/a>.<\/li>\n<\/ul>\n\n\n\n<hr class=\"wp-block-separator has-alpha-channel-opacity\"\/>\n\n\n\n<p><\/p>\n","protected":false},"excerpt":{"rendered":"<p>COOKIE POLICY Di seguito si riporta la Cookie policy da utilizzare quale informativa estesa ai sensi degli artt. 13 e 14 del Regolamento (UE) 2016\/679 (di seguito \u201cGDPR\u201d). Cosa sono i Cookie? I Cookie sono pacchetti di informazioni inviate da un web server (es. il Sito) al browser Internet dell\u2019Utente, da quest\u2019ultimo memorizzati automaticamente sul [&hellip;]<\/p>\n","protected":false},"author":1,"featured_media":0,"parent":0,"menu_order":0,"comment_status":"closed","ping_status":"closed","template":"","meta":{"footnotes":""},"class_list":["post-5026","page","type-page","status-publish"],"yoast_head":"<!-- This site is optimized with the Yoast SEO plugin v20.6 - https:\/\/yoast.com\/wordpress\/plugins\/seo\/ -->\n<title>Cookie Policy - Risposta24<\/title>\n<meta name=\"robots\" content=\"index, follow, max-snippet:-1, max-image-preview:large, max-video-preview:-1\" \/>\n<link rel=\"canonical\" href=\"https:\/\/risposta24.it\/index.php\/cookie-policy\/\" \/>\n<meta property=\"og:locale\" content=\"it_IT\" \/>\n<meta property=\"og:type\" content=\"article\" \/>\n<meta property=\"og:title\" content=\"Cookie Policy - Risposta24\" \/>\n<meta property=\"og:description\" content=\"COOKIE POLICY Di seguito si riporta la Cookie policy da utilizzare quale informativa estesa ai sensi degli artt. 13 e 14 del Regolamento (UE) 2016\/679 (di seguito \u201cGDPR\u201d). Cosa sono i Cookie? I Cookie sono pacchetti di informazioni inviate da un web server (es. il Sito) al browser Internet dell\u2019Utente, da quest\u2019ultimo memorizzati automaticamente sul [&hellip;]\" \/>\n<meta property=\"og:url\" content=\"https:\/\/risposta24.it\/index.php\/cookie-policy\/\" \/>\n<meta property=\"og:site_name\" content=\"Risposta24\" \/>\n<meta property=\"article:modified_time\" content=\"2023-05-16T15:01:32+00:00\" \/>\n<meta name=\"twitter:card\" content=\"summary_large_image\" \/>\n<meta name=\"twitter:label1\" content=\"Tempo di lettura stimato\" \/>\n\t<meta name=\"twitter:data1\" content=\"5 minuti\" \/>\n<script type=\"application\/ld+json\" class=\"yoast-schema-graph\">{\"@context\":\"https:\/\/schema.org\",\"@graph\":[{\"@type\":\"WebPage\",\"@id\":\"https:\/\/risposta24.it\/index.php\/cookie-policy\/\",\"url\":\"https:\/\/risposta24.it\/index.php\/cookie-policy\/\",\"name\":\"Cookie Policy - Risposta24\",\"isPartOf\":{\"@id\":\"https:\/\/risposta24.it\/#website\"},\"datePublished\":\"2023-05-16T14:41:12+00:00\",\"dateModified\":\"2023-05-16T15:01:32+00:00\",\"breadcrumb\":{\"@id\":\"https:\/\/risposta24.it\/index.php\/cookie-policy\/#breadcrumb\"},\"inLanguage\":\"it-IT\",\"potentialAction\":[{\"@type\":\"ReadAction\",\"target\":[\"https:\/\/risposta24.it\/index.php\/cookie-policy\/\"]}]},{\"@type\":\"BreadcrumbList\",\"@id\":\"https:\/\/risposta24.it\/index.php\/cookie-policy\/#breadcrumb\",\"itemListElement\":[{\"@type\":\"ListItem\",\"position\":1,\"name\":\"Home\",\"item\":\"https:\/\/risposta24.it\/\"},{\"@type\":\"ListItem\",\"position\":2,\"name\":\"Cookie Policy\"}]},{\"@type\":\"WebSite\",\"@id\":\"https:\/\/risposta24.it\/#website\",\"url\":\"https:\/\/risposta24.it\/\",\"name\":\"Risposta24\",\"description\":\"Il blog su vino, cani e salute a 360\u00b0\",\"publisher\":{\"@id\":\"https:\/\/risposta24.it\/#organization\"},\"potentialAction\":[{\"@type\":\"SearchAction\",\"target\":{\"@type\":\"EntryPoint\",\"urlTemplate\":\"https:\/\/risposta24.it\/?s={search_term_string}\"},\"query-input\":\"required name=search_term_string\"}],\"inLanguage\":\"it-IT\"},{\"@type\":\"Organization\",\"@id\":\"https:\/\/risposta24.it\/#organization\",\"name\":\"Risposta24\",\"url\":\"https:\/\/risposta24.it\/\",\"logo\":{\"@type\":\"ImageObject\",\"inLanguage\":\"it-IT\",\"@id\":\"https:\/\/risposta24.it\/#\/schema\/logo\/image\/\",\"url\":\"https:\/\/risposta24.it\/wp-content\/uploads\/2022\/12\/logo_transparent.png\",\"contentUrl\":\"https:\/\/risposta24.it\/wp-content\/uploads\/2022\/12\/logo_transparent.png\",\"width\":1200,\"height\":1200,\"caption\":\"Risposta24\"},\"image\":{\"@id\":\"https:\/\/risposta24.it\/#\/schema\/logo\/image\/\"}}]}<\/script>\n<!-- \/ Yoast SEO plugin. -->","yoast_head_json":{"title":"Cookie Policy - Risposta24","robots":{"index":"index","follow":"follow","max-snippet":"max-snippet:-1","max-image-preview":"max-image-preview:large","max-video-preview":"max-video-preview:-1"},"canonical":"https:\/\/risposta24.it\/index.php\/cookie-policy\/","og_locale":"it_IT","og_type":"article","og_title":"Cookie Policy - Risposta24","og_description":"COOKIE POLICY Di seguito si riporta la Cookie policy da utilizzare quale informativa estesa ai sensi degli artt. 13 e 14 del Regolamento (UE) 2016\/679 (di seguito \u201cGDPR\u201d). Cosa sono i Cookie? I Cookie sono pacchetti di informazioni inviate da un web server (es. il Sito) al browser Internet dell\u2019Utente, da quest\u2019ultimo memorizzati automaticamente sul [&hellip;]","og_url":"https:\/\/risposta24.it\/index.php\/cookie-policy\/","og_site_name":"Risposta24","article_modified_time":"2023-05-16T15:01:32+00:00","twitter_card":"summary_large_image","twitter_misc":{"Tempo di lettura stimato":"5 minuti"},"schema":{"@context":"https:\/\/schema.org","@graph":[{"@type":"WebPage","@id":"https:\/\/risposta24.it\/index.php\/cookie-policy\/","url":"https:\/\/risposta24.it\/index.php\/cookie-policy\/","name":"Cookie Policy - Risposta24","isPartOf":{"@id":"https:\/\/risposta24.it\/#website"},"datePublished":"2023-05-16T14:41:12+00:00","dateModified":"2023-05-16T15:01:32+00:00","breadcrumb":{"@id":"https:\/\/risposta24.it\/index.php\/cookie-policy\/#breadcrumb"},"inLanguage":"it-IT","potentialAction":[{"@type":"ReadAction","target":["https:\/\/risposta24.it\/index.php\/cookie-policy\/"]}]},{"@type":"BreadcrumbList","@id":"https:\/\/risposta24.it\/index.php\/cookie-policy\/#breadcrumb","itemListElement":[{"@type":"ListItem","position":1,"name":"Home","item":"https:\/\/risposta24.it\/"},{"@type":"ListItem","position":2,"name":"Cookie Policy"}]},{"@type":"WebSite","@id":"https:\/\/risposta24.it\/#website","url":"https:\/\/risposta24.it\/","name":"Risposta24","description":"Il blog su vino, cani e salute a 360\u00b0","publisher":{"@id":"https:\/\/risposta24.it\/#organization"},"potentialAction":[{"@type":"SearchAction","target":{"@type":"EntryPoint","urlTemplate":"https:\/\/risposta24.it\/?s={search_term_string}"},"query-input":"required name=search_term_string"}],"inLanguage":"it-IT"},{"@type":"Organization","@id":"https:\/\/risposta24.it\/#organization","name":"Risposta24","url":"https:\/\/risposta24.it\/","logo":{"@type":"ImageObject","inLanguage":"it-IT","@id":"https:\/\/risposta24.it\/#\/schema\/logo\/image\/","url":"https:\/\/risposta24.it\/wp-content\/uploads\/2022\/12\/logo_transparent.png","contentUrl":"https:\/\/risposta24.it\/wp-content\/uploads\/2022\/12\/logo_transparent.png","width":1200,"height":1200,"caption":"Risposta24"},"image":{"@id":"https:\/\/risposta24.it\/#\/schema\/logo\/image\/"}}]}},"_links":{"self":[{"href":"https:\/\/risposta24.it\/index.php\/wp-json\/wp\/v2\/pages\/5026","targetHints":{"allow":["GET"]}}],"collection":[{"href":"https:\/\/risposta24.it\/index.php\/wp-json\/wp\/v2\/pages"}],"about":[{"href":"https:\/\/risposta24.it\/index.php\/wp-json\/wp\/v2\/types\/page"}],"author":[{"embeddable":true,"href":"https:\/\/risposta24.it\/index.php\/wp-json\/wp\/v2\/users\/1"}],"replies":[{"embeddable":true,"href":"https:\/\/risposta24.it\/index.php\/wp-json\/wp\/v2\/comments?post=5026"}],"version-history":[{"count":3,"href":"https:\/\/risposta24.it\/index.php\/wp-json\/wp\/v2\/pages\/5026\/revisions"}],"predecessor-version":[{"id":5033,"href":"https:\/\/risposta24.it\/index.php\/wp-json\/wp\/v2\/pages\/5026\/revisions\/5033"}],"wp:attachment":[{"href":"https:\/\/risposta24.it\/index.php\/wp-json\/wp\/v2\/media?parent=5026"}],"curies":[{"name":"wp","href":"https:\/\/api.w.org\/{rel}","templated":true}]}}