{"id":3,"date":"2023-04-19T14:32:56","date_gmt":"2023-04-19T12:32:56","guid":{"rendered":"http:\/\/risposta24.it\/?page_id=3"},"modified":"2023-11-27T17:27:34","modified_gmt":"2023-11-27T16:27:34","slug":"privacy-policy","status":"publish","type":"page","link":"https:\/\/risposta24.it\/index.php\/privacy-policy\/","title":{"rendered":"INFORMATIVA SUL TRATTAMENTO DEI DATI PERSONALI"},"content":{"rendered":"\t\t<div data-elementor-type=\"wp-page\" data-elementor-id=\"3\" class=\"elementor elementor-3\">\n\t\t\t\t\t\t\t\t\t<section class=\"elementor-section elementor-top-section elementor-element elementor-element-307fa86c elementor-section-boxed elementor-section-height-default elementor-section-height-default\" data-id=\"307fa86c\" data-element_type=\"section\">\n\t\t\t\t\t\t<div class=\"elementor-container elementor-column-gap-default\">\n\t\t\t\t\t<div class=\"elementor-column elementor-col-100 elementor-top-column elementor-element elementor-element-2b6f6e86\" data-id=\"2b6f6e86\" data-element_type=\"column\">\n\t\t\t<div class=\"elementor-widget-wrap elementor-element-populated\">\n\t\t\t\t\t\t\t\t<div class=\"elementor-element elementor-element-e5f7dfb elementor-widget elementor-widget-text-editor\" data-id=\"e5f7dfb\" data-element_type=\"widget\" data-widget_type=\"text-editor.default\">\n\t\t\t\t<div class=\"elementor-widget-container\">\n\t\t\t<style>\/*! elementor - v3.12.2 - 23-04-2023 *\/\n.elementor-widget-text-editor.elementor-drop-cap-view-stacked .elementor-drop-cap{background-color:#69727d;color:#fff}.elementor-widget-text-editor.elementor-drop-cap-view-framed .elementor-drop-cap{color:#69727d;border:3px solid;background-color:transparent}.elementor-widget-text-editor:not(.elementor-drop-cap-view-default) .elementor-drop-cap{margin-top:8px}.elementor-widget-text-editor:not(.elementor-drop-cap-view-default) .elementor-drop-cap-letter{width:1em;height:1em}.elementor-widget-text-editor .elementor-drop-cap{float:left;text-align:center;line-height:1;font-size:50px}.elementor-widget-text-editor .elementor-drop-cap-letter{display:inline-block}<\/style>\t\t\t\t<p><!-- wp:paragraph --><\/p>\n<p><strong>INFORMATIVA SUL TRATTAMENTO DEI DATI PERSONALI <\/strong><\/p>\n<p>La seguente informativa \u00e8 resa ai sensi dell\u2019art. 13 del del Regolamento Ue 2016\/679 (\u201c<strong>GDPR<\/strong>\u201d) e del D.lgs. 196\/2003 e ss.mm.ii., (\u201c<strong>Codice Privacy<\/strong>\u201d), che garantiscono la protezione dei dati personali, nonch\u00e9 la libera circolazione degli stessi, ed ha lo scopo di illustrare le modalit\u00e0 di trattamento e le categorie di dati personali riguardanti i soggetti interessati (\u201c<strong>Utenti<\/strong>\u201d) che interagiscono con il sito web <a href=\"http:\/\/www.risposta24.it\">www.risposta24.it<\/a> (di seguito, \u201c<strong>Sito<\/strong>\u201d).<\/p>\n<p>Tali dati saranno trattati Business Builders S.r.l., avente sede legale in Via del Casale Solaro, 119 \u2013 00143 Roma (RM), in qualit\u00e0 di Titolare del trattamento (di seguito, \u201c<strong>BBuilders<\/strong>\u201d o &#8220;<strong>Titolare<\/strong>&#8220;), contattabile al seguente indirizzo: <a href=\"mailto:dpo@bbuilders.it\">dpo@bbuilders.it<\/a>.<\/p>\n<p>In base alla normativa indicata, il trattamento dei Suoi dati personali sar\u00e0 improntato ai principi di correttezza, liceit\u00e0, pertinenza, trasparenza e di tutela della Sua riservatezza e dei Suoi diritti.<\/p>\n<ol>\n<li><strong>Categorie di dati personali trattati. <\/strong><\/li>\n<p><u>Dati di navigazione<\/u>: il Titolare tratter\u00e0 i dati di navigazione sul Sito (es. indirizzi IP, i nomi a dominio dei dispositivi utilizzati dagli Utenti che si connettono al Sito) dell\u2019Utente, giacch\u00e9 i sistemi informatici e le procedure software preposte al funzionamento di questo sito acquisiscono, nel corso del loro normale esercizio, alcuni dati personali la cui trasmissione \u00e8 implicita nell\u2019uso di protocolli di comunicazione di Internet. Si tratta di informazioni che non sono raccolte per essere associate a interessati identificati, ma che per loro stessa natura potrebbero, attraverso elaborazioni ed associazioni con dati detenuti da terzi, permettere l\u2019identificazione degli Utenti.<\/p>\n<p>Questi dati vengono utilizzati al solo fine di ricavare informazioni statistiche anonime sull\u2019uso del Sito e per controllarne il corretto funzionamento, e vengono cancellati immediatamente dopo l\u2019elaborazione. I dati potrebbero essere utilizzati per l\u2019accertamento di responsabilit\u00e0 in caso di ipotetici reati informatici ai danni del Sito.<\/p>\n<p><u>Dati volontariamente conferiti dall\u2019Utente:<\/u> il Titolare tratter\u00e0 i dati personali dell\u2019Utente che siano stati da questi volontariamente conferiti attraverso la compilazione del form di contatto, appositamente predisposto sul Sito.\u00a0<\/p>\n<p>Il Titolare acquisir\u00e0 solo dati personali ordinari (a titolo esemplificativo: nome, cognome, numero di cellulare, indirizzo e-mail), e ogni altro dato che l\u2019Utente comunicher\u00e0, di propria spontanea iniziativa, per mezzo degli strumenti di contatto messi a disposizione dal Sito. Il conferimento di tali dati \u00e8 assolutamente facoltativo, ma l\u2019eventuale rifiuto a comunicarli potrebbe comportare l\u2019impossibilit\u00e0 di fruire dei servizi offerti.<\/p>\n<li><strong>Finalit\u00e0 e base giuridica del trattamento dei dati.<\/strong><\/li>\n<p>Il Titolare del trattamento tratter\u00e0 i Suoi dati personali per le seguenti finalit\u00e0:<\/p>\n<ol>\n<li>per l\u2019erogazione del servizio richiesto con la compilazione del form presente sul Sito da parte dell\u2019Utente;<\/li>\n\n<li>previo Suo consenso espresso, per l\u2019invio di comunicazioni aventi scopo commerciale (cd. <em>marketing<\/em>) da parte del Titolare relativi a prodotti di Terzi partners, attraverso l\u2019uso di strumenti tradizionali (es. contatti telefonici con operatore) e\/o automatizzati (es. sms, posta elettronica);<\/li>\n<li>previo Suo consenso espresso, per l\u2019invio di comunicazioni aventi scopo commerciale (cd. <em>marketing<\/em>) da parte di soggetti terzi e partners commerciali del Titolare, per sponsorizzare prodotti propri, attraverso l\u2019uso di strumenti tradizionali (es. contatti telefonici con operatore) e\/o automatizzati (es. sms, posta elettronica);<\/li>\n<li>per permettere il normale funzionamento del Sito e la corretta erogazione del servizio cui \u00e8 preposto, nonch\u00e9 per l\u2019eventuale difesa del Titolare in sede giudiziaria, in caso, ad esempio, di ipotetici reati commessi in danno al Sito.<\/li>\n<p>Per la finalit\u00e0 di cui alla lettera a), la base giuridica individuata \u00e8 l\u2019esecuzione di un contratto di cui l\u2019interessato \u00e8 parte o di misure precontrattuali adottate su richiesta dello stesso [art. 6, par. 1, lett. b), del GDPR].<\/p>\n<p>Per le finalit\u00e0 di cui alle lettere b) e c), la base giuridica individuata \u00e8 il consenso dell\u2019interessato [art. 6, par. 1, lett. a), del GDPR]. Il Suo consenso pu\u00f2 essere revocato, in ogni momento, indirizzando una richiesta al seguente indirizzo: dpo@bbuilders.it; tuttavia, l\u2019esercizio della suddetta revoca non pregiudicher\u00e0 la legittimit\u00e0 dei trattamenti effettuati in precedenza dal Titolare (art. 7, par. 3, del GDPR).<\/p>\n<p>Per la finalit\u00e0 di cui alla lettera d), la base giuridica individuata \u00e8 il legittimo interesse del Titolare al corretto funzionamento del Sito e, altres\u00ec, all\u2019eventuale accertamento di responsabilit\u00e0 per ipotetici reati informatici in danno del Sito [art. 6, par. 1, lett. f), del GDPR].<\/p>\n<\/ol>\n<li><strong>Diritti degli interessati.<\/strong><\/li>\n<p>La informiamo che, in conformit\u00e0 alla vigente disciplina, le sono riconosciuti i seguenti diritti:<\/p>\n<ul>\n<li>chiedere e ottenere informazioni circa l\u2019esistenza di suoi dati nella disponibilit\u00e0 del Titolare, nonch\u00e9 l\u2019accesso a tali dati;<\/li>\n<li>chiedere e ottenere la modifica e\/o la correzione dei suoi dati personali, se ritiene che siano inaccurati o incompleti;<\/li>\n<li>chiedere e ottenere la cancellazione dei suoi dati personali e\/o la limitazione del loro trattamento, qualora si tratti di informazioni non pi\u00f9 necessarie per le finalit\u00e0 di trattamento perseguite, e una volta decorso il periodo di conservazione indicato al precedente paragrafo;<\/li>\n<li>per i dati oggetto di trattamento attraverso sistemi automatizzati, chiedere e ottenere tali dati in un formato strutturato e leggibile da dispositivo comune, nonch\u00e9 il trasferimento ad altro titolare.<\/li>\n\n<\/ul>\n<p>Pi\u00f9 in particolare, le sono riconosciuti i diritti di cui ai seguenti articoli del GDPR: 15 (<em>Diritto di accesso dell\u2019interessato<\/em>); 16 (<em>Diritto di rettifica<\/em>); 17 (<em>Diritto alla cancellazione &#8211; \u00abdiritto all\u2019oblio\u00bb<\/em>); 18 (<em>Diritto di limitazione di trattamento<\/em>); 20 (<em>Diritto alla portabilit\u00e0 dei dati<\/em>); 21 (<em>Diritto di opposizione<\/em>); 22 (<em>Processo decisionale automatizzato relativo alle persone fisiche, compresa la profilazione<\/em>).<\/p>\n<p>Tali diritti possono essere esercitati, con le modalit\u00e0, alle condizioni ed entro i limiti di cui agli artt. 12 e 23 del GDPR, scrivendo a Business Builders S.r.l., avente sede legale in Via del Casale Solaro, 119 \u2013 00143 Roma (RM) o all\u2019indirizzo di posta elettronica dpo@bbuilders.it.<\/p>\n<p>La informiamo inoltre che ai sensi della disciplina vigente pu\u00f2 proporre eventuali reclami riguardanti il trattamento dei suoi dati personali al Garante per la protezione dei dati personali (GPDP).<\/p>\n<p>&nbsp;<\/p>\n<li><strong>Periodo di conservazione dei dati. <\/strong><\/li>\n<p>I suoi dati saranno oggetto di conservazione presso il Titolare per il periodo strettamente necessario al raggiungimento delle finalit\u00e0 sopra descritte.<\/p>\n<p>Con riferimento ai trattamenti finalizzati all\u2019erogazione dei servizi, i Suoi dati saranno trattati per tutta la durata del rapporto e, in seguito, conservati per un periodo limitato a un massimo di 12 mesi dalla cessazione di tale rapporto, esclusivamente per esigenze di tutela dei diritti del Titolare.<\/p>\n<p>Con riferimento ai trattamenti finalizzati all\u2019invio di comunicazioni aventi scopo commerciale (cd. <em>marketing<\/em>), di cui al 2.2 e al 2.3, i Suoi dati saranno trattati per tutta la durata del rapporto, fino alla revoca del Suo consenso, e comunque conservati per un periodo non superiore a 24 mesi dalle suddette attivit\u00e0, esclusivamente per esigenze di tutela dei diritti del Titolare e per l\u2019adempimento di obblighi di legge.<\/p>\n<p>Con riferimento ai trattamenti basati sul legittimo interesse del Titolare, i dati saranno trattati per il periodo strettamente necessario al conseguimento della finalit\u00e0 e, di seguito, conservati per un periodo non superiore a 12 mesi, sulla base delle sopra citate esigenze di tutela in sede giudiziaria del Titolare.\u00a0<\/p>\n<li><strong>Modalit\u00e0 del trattamento e Destinatari dei dati personali.\u00a0 <\/strong><\/li>\n<p>I dati cos\u00ec raccolti saranno trattati per le sopra citate finalit\u00e0 e potranno essere comunicati a soggetti nominati quali Incaricati al trattamento o Persone autorizzate al trattamento, che siano preposti allo svolgimento delle suddette attivit\u00e0 di trattamento, previa adeguata istruzione ad opera del Titolare.<\/p>\n<p>I dati potranno essere comunicati, altres\u00ec, a soggetti terzi, nominati Responsabili del trattamento, di cui il Titolare si avvale per lo svolgimento delle suddette attivit\u00e0. La lista dei Responsabili \u00e8 disponibile presso il Titolare e pu\u00f2 essere richiesta contattando il seguente indirizzo: <a href=\"mailto:dpo@bbuilders.it\">dpo@bbuilders.it<\/a>.<\/p>\n<p>Previo Suo esplicito consenso, i dati potranno essere comunicati altres\u00ec a soggetti terzi per finalit\u00e0 di <em>marketing<\/em>, affinch\u00e9 questi possano procedere all\u2019invio di comunicazioni commerciali di servizi propri per il tramite di strumenti tradizionali (es. telefono con operatore) o sistemi automatizzati (es. sms, posta elettronica). La lista di tali soggetti \u00e8 disponibile presso il Titolare e pu\u00f2 essere visualizzata tramite apposita richiesta da rivolgere al seguente indirizzo: <a href=\"mailto:dpo@bbuilders.it\">dpo@bbuilders.it<\/a>.\u00a0<\/p>\n<li><strong>Comunicazione verso Paesi fuori dallo Spazio Economico Europeo (\u201cSEE\u201d).<\/strong><\/li>\n<p><strong>\u00a0<\/strong>I dati trattati nelle modalit\u00e0 e per le finalit\u00e0 sopra citate non saranno oggetto di comunicazione verso Paesi posti al di fuori dello Spazio Economico Europeo (\u201cSEE\u201d).\u00a0<\/p>\n<li><strong>Cookie. <\/strong><\/li>\n<p>I Cookie sono pacchetti di informazioni inviate da un web server (es. il Sito) al browser Internet dell\u2019Utente, da quest\u2019ultimo memorizzati automaticamente sul computer e rinviati automaticamente al server ad ogni successivo accesso al Sito. \u00c8 possibile limitare o disattivare l\u2019utilizzo dei cookie tramite il proprio browser, sebbene, in questo caso, alcune funzionalit\u00e0 dei siti web potrebbero diventare inaccessibili.<\/p>\n<p>Per maggiori informazioni, preghiamo l\u2019Utente di prendere visione della specifica Cookie Policy presente sul sito.<\/p>\n<p>&nbsp;<\/p>\n<li><strong>Responsabile per la Protezione dei dati personali. <\/strong><\/li>\n<p>La Societ\u00e0 ha designato, altres\u00ec, ai sensi dell&#8217;art. 37 GDPR, un Responsabile per la Protezione dei dati personali (\u201c<strong>Data Protection Officer<\/strong>\u201d, di seguito \u201c<strong>DPO<\/strong>\u201d, dall\u2019acronimo inglese).<\/p>\n<p>Il DPO \u00e8 contattabile all\u2019indirizzo mail preposto: dpo@bbuilders.it<\/p>\n<p><!-- \/wp:paragraph --><\/p>\n\t\t\t\t\t\t<\/div>\n\t\t\t\t<\/div>\n\t\t\t\t\t<\/div>\n\t\t<\/div>\n\t\t\t\t\t\t\t<\/div>\n\t\t<\/section>\n\t\t\t\t\t\t\t<\/div>\n\t\t","protected":false},"excerpt":{"rendered":"<p>INFORMATIVA SUL TRATTAMENTO DEI DATI PERSONALI La seguente informativa \u00e8 resa ai sensi dell\u2019art. 13 del del Regolamento Ue 2016\/679 (\u201cGDPR\u201d) e del D.lgs. 196\/2003 e ss.mm.ii., (\u201cCodice Privacy\u201d), che garantiscono la protezione dei dati personali, nonch\u00e9 la libera circolazione degli stessi, ed ha lo scopo di illustrare le modalit\u00e0 di trattamento e le categorie [&hellip;]<\/p>\n","protected":false},"author":1,"featured_media":0,"parent":0,"menu_order":0,"comment_status":"closed","ping_status":"closed","template":"","meta":{"footnotes":""},"class_list":["post-3","page","type-page","status-publish"],"yoast_head":"<!-- This site is optimized with the Yoast SEO plugin v20.6 - https:\/\/yoast.com\/wordpress\/plugins\/seo\/ -->\n<title>INFORMATIVA SUL TRATTAMENTO DEI DATI PERSONALI - Risposta24<\/title>\n<meta name=\"robots\" content=\"index, follow, max-snippet:-1, max-image-preview:large, max-video-preview:-1\" \/>\n<link rel=\"canonical\" href=\"https:\/\/risposta24.it\/index.php\/privacy-policy\/\" \/>\n<meta property=\"og:locale\" content=\"it_IT\" \/>\n<meta property=\"og:type\" content=\"article\" \/>\n<meta property=\"og:title\" content=\"INFORMATIVA SUL TRATTAMENTO DEI DATI PERSONALI - Risposta24\" \/>\n<meta property=\"og:description\" content=\"INFORMATIVA SUL TRATTAMENTO DEI DATI PERSONALI La seguente informativa \u00e8 resa ai sensi dell\u2019art. 13 del del Regolamento Ue 2016\/679 (\u201cGDPR\u201d) e del D.lgs. 196\/2003 e ss.mm.ii., (\u201cCodice Privacy\u201d), che garantiscono la protezione dei dati personali, nonch\u00e9 la libera circolazione degli stessi, ed ha lo scopo di illustrare le modalit\u00e0 di trattamento e le categorie [&hellip;]\" \/>\n<meta property=\"og:url\" content=\"https:\/\/risposta24.it\/index.php\/privacy-policy\/\" \/>\n<meta property=\"og:site_name\" content=\"Risposta24\" \/>\n<meta property=\"article:modified_time\" content=\"2023-11-27T16:27:34+00:00\" \/>\n<meta name=\"twitter:card\" content=\"summary_large_image\" \/>\n<meta name=\"twitter:label1\" content=\"Tempo di lettura stimato\" \/>\n\t<meta name=\"twitter:data1\" content=\"8 minuti\" \/>\n<script type=\"application\/ld+json\" class=\"yoast-schema-graph\">{\"@context\":\"https:\/\/schema.org\",\"@graph\":[{\"@type\":\"WebPage\",\"@id\":\"https:\/\/risposta24.it\/index.php\/privacy-policy\/\",\"url\":\"https:\/\/risposta24.it\/index.php\/privacy-policy\/\",\"name\":\"INFORMATIVA SUL TRATTAMENTO DEI DATI PERSONALI - Risposta24\",\"isPartOf\":{\"@id\":\"https:\/\/risposta24.it\/#website\"},\"datePublished\":\"2023-04-19T12:32:56+00:00\",\"dateModified\":\"2023-11-27T16:27:34+00:00\",\"breadcrumb\":{\"@id\":\"https:\/\/risposta24.it\/index.php\/privacy-policy\/#breadcrumb\"},\"inLanguage\":\"it-IT\",\"potentialAction\":[{\"@type\":\"ReadAction\",\"target\":[\"https:\/\/risposta24.it\/index.php\/privacy-policy\/\"]}]},{\"@type\":\"BreadcrumbList\",\"@id\":\"https:\/\/risposta24.it\/index.php\/privacy-policy\/#breadcrumb\",\"itemListElement\":[{\"@type\":\"ListItem\",\"position\":1,\"name\":\"Home\",\"item\":\"https:\/\/risposta24.it\/\"},{\"@type\":\"ListItem\",\"position\":2,\"name\":\"INFORMATIVA SUL TRATTAMENTO DEI DATI PERSONALI\"}]},{\"@type\":\"WebSite\",\"@id\":\"https:\/\/risposta24.it\/#website\",\"url\":\"https:\/\/risposta24.it\/\",\"name\":\"Risposta24\",\"description\":\"Il blog su vino, cani e salute a 360\u00b0\",\"publisher\":{\"@id\":\"https:\/\/risposta24.it\/#organization\"},\"potentialAction\":[{\"@type\":\"SearchAction\",\"target\":{\"@type\":\"EntryPoint\",\"urlTemplate\":\"https:\/\/risposta24.it\/?s={search_term_string}\"},\"query-input\":\"required name=search_term_string\"}],\"inLanguage\":\"it-IT\"},{\"@type\":\"Organization\",\"@id\":\"https:\/\/risposta24.it\/#organization\",\"name\":\"Risposta24\",\"url\":\"https:\/\/risposta24.it\/\",\"logo\":{\"@type\":\"ImageObject\",\"inLanguage\":\"it-IT\",\"@id\":\"https:\/\/risposta24.it\/#\/schema\/logo\/image\/\",\"url\":\"https:\/\/risposta24.it\/wp-content\/uploads\/2022\/12\/logo_transparent.png\",\"contentUrl\":\"https:\/\/risposta24.it\/wp-content\/uploads\/2022\/12\/logo_transparent.png\",\"width\":1200,\"height\":1200,\"caption\":\"Risposta24\"},\"image\":{\"@id\":\"https:\/\/risposta24.it\/#\/schema\/logo\/image\/\"}}]}<\/script>\n<!-- \/ Yoast SEO plugin. -->","yoast_head_json":{"title":"INFORMATIVA SUL TRATTAMENTO DEI DATI PERSONALI - Risposta24","robots":{"index":"index","follow":"follow","max-snippet":"max-snippet:-1","max-image-preview":"max-image-preview:large","max-video-preview":"max-video-preview:-1"},"canonical":"https:\/\/risposta24.it\/index.php\/privacy-policy\/","og_locale":"it_IT","og_type":"article","og_title":"INFORMATIVA SUL TRATTAMENTO DEI DATI PERSONALI - Risposta24","og_description":"INFORMATIVA SUL TRATTAMENTO DEI DATI PERSONALI La seguente informativa \u00e8 resa ai sensi dell\u2019art. 13 del del Regolamento Ue 2016\/679 (\u201cGDPR\u201d) e del D.lgs. 196\/2003 e ss.mm.ii., (\u201cCodice Privacy\u201d), che garantiscono la protezione dei dati personali, nonch\u00e9 la libera circolazione degli stessi, ed ha lo scopo di illustrare le modalit\u00e0 di trattamento e le categorie [&hellip;]","og_url":"https:\/\/risposta24.it\/index.php\/privacy-policy\/","og_site_name":"Risposta24","article_modified_time":"2023-11-27T16:27:34+00:00","twitter_card":"summary_large_image","twitter_misc":{"Tempo di lettura stimato":"8 minuti"},"schema":{"@context":"https:\/\/schema.org","@graph":[{"@type":"WebPage","@id":"https:\/\/risposta24.it\/index.php\/privacy-policy\/","url":"https:\/\/risposta24.it\/index.php\/privacy-policy\/","name":"INFORMATIVA SUL TRATTAMENTO DEI DATI PERSONALI - Risposta24","isPartOf":{"@id":"https:\/\/risposta24.it\/#website"},"datePublished":"2023-04-19T12:32:56+00:00","dateModified":"2023-11-27T16:27:34+00:00","breadcrumb":{"@id":"https:\/\/risposta24.it\/index.php\/privacy-policy\/#breadcrumb"},"inLanguage":"it-IT","potentialAction":[{"@type":"ReadAction","target":["https:\/\/risposta24.it\/index.php\/privacy-policy\/"]}]},{"@type":"BreadcrumbList","@id":"https:\/\/risposta24.it\/index.php\/privacy-policy\/#breadcrumb","itemListElement":[{"@type":"ListItem","position":1,"name":"Home","item":"https:\/\/risposta24.it\/"},{"@type":"ListItem","position":2,"name":"INFORMATIVA SUL TRATTAMENTO DEI DATI PERSONALI"}]},{"@type":"WebSite","@id":"https:\/\/risposta24.it\/#website","url":"https:\/\/risposta24.it\/","name":"Risposta24","description":"Il blog su vino, cani e salute a 360\u00b0","publisher":{"@id":"https:\/\/risposta24.it\/#organization"},"potentialAction":[{"@type":"SearchAction","target":{"@type":"EntryPoint","urlTemplate":"https:\/\/risposta24.it\/?s={search_term_string}"},"query-input":"required name=search_term_string"}],"inLanguage":"it-IT"},{"@type":"Organization","@id":"https:\/\/risposta24.it\/#organization","name":"Risposta24","url":"https:\/\/risposta24.it\/","logo":{"@type":"ImageObject","inLanguage":"it-IT","@id":"https:\/\/risposta24.it\/#\/schema\/logo\/image\/","url":"https:\/\/risposta24.it\/wp-content\/uploads\/2022\/12\/logo_transparent.png","contentUrl":"https:\/\/risposta24.it\/wp-content\/uploads\/2022\/12\/logo_transparent.png","width":1200,"height":1200,"caption":"Risposta24"},"image":{"@id":"https:\/\/risposta24.it\/#\/schema\/logo\/image\/"}}]}},"_links":{"self":[{"href":"https:\/\/risposta24.it\/index.php\/wp-json\/wp\/v2\/pages\/3","targetHints":{"allow":["GET"]}}],"collection":[{"href":"https:\/\/risposta24.it\/index.php\/wp-json\/wp\/v2\/pages"}],"about":[{"href":"https:\/\/risposta24.it\/index.php\/wp-json\/wp\/v2\/types\/page"}],"author":[{"embeddable":true,"href":"https:\/\/risposta24.it\/index.php\/wp-json\/wp\/v2\/users\/1"}],"replies":[{"embeddable":true,"href":"https:\/\/risposta24.it\/index.php\/wp-json\/wp\/v2\/comments?post=3"}],"version-history":[{"count":17,"href":"https:\/\/risposta24.it\/index.php\/wp-json\/wp\/v2\/pages\/3\/revisions"}],"predecessor-version":[{"id":5608,"href":"https:\/\/risposta24.it\/index.php\/wp-json\/wp\/v2\/pages\/3\/revisions\/5608"}],"wp:attachment":[{"href":"https:\/\/risposta24.it\/index.php\/wp-json\/wp\/v2\/media?parent=3"}],"curies":[{"name":"wp","href":"https:\/\/api.w.org\/{rel}","templated":true}]}}